{"id":12,"date":"2023-09-26T16:25:06","date_gmt":"2023-09-26T14:25:06","guid":{"rendered":"http:\/\/mecenat-musee-photo.org\/?page_id=12"},"modified":"2023-12-07T16:24:58","modified_gmt":"2023-12-07T15:24:58","slug":"les-collections","status":"publish","type":"page","link":"https:\/\/mecenat-musee-photo.org\/?page_id=12","title":{"rendered":"Les Collections"},"content":{"rendered":"\n<p>Comme bien des collections, celles qui ont permis la fondation du Mus\u00e9e Fran\u00e7ais de Bi\u00e8vres sont dues aux efforts soutenus de personnes passionn\u00e9es et enthousiastes.<\/p>\n\n\n\n<p>Pour aboutir \u00e0 la cr\u00e9ation d\u2019un mus\u00e9e, encore faut-il que le niveau des collections soit \u00e0 la hauteur&nbsp;! C\u2019est le cas ici&nbsp;: elles permettent, par exemple, de suivre l\u2019\u00e9volution des nombreux proc\u00e9d\u00e9s qui se sont succ\u00e9d\u00e9s depuis le bitume de Jud\u00e9e des origines, jusqu\u2019au g\u00e9latino-bromure d\u2019argent ou encore de contempler les daguerr\u00e9otypes que Jules Itier r\u00e9alisa en Chine en 1844. On y trouve aussi l\u2019appareil et des images de l\u2019inventeur de la photographie en couleur, Louis Ducos du Hauron et bien d\u2019autre choses encore\u2026 <\/p>\n\n\n\n<p><a href=\"http:\/\/mecenat-musee-photo.org\/?page_id=28\" data-type=\"page\" data-id=\"28\"><strong>L&rsquo;origine des Collections !<\/strong><\/a><\/p>\n\n\n\n<p><a href=\"http:\/\/mecenat-musee-photo.org\/?page_id=30\" data-type=\"page\" data-id=\"30\"><strong>Un ensemble exceptionnel !<\/strong><\/a><\/p>\n\n\n\n<p><a href=\"https:\/\/mecenat-musee-photo.org\/?page_id=314\"><strong>Le point de vue du Directeur du mus\u00e9e<\/strong><\/a><\/p>\n","protected":false},"excerpt":{"rendered":"<p>Comme bien des collections, celles qui ont permis la fondation du Mus\u00e9e Fran\u00e7ais de Bi\u00e8vres sont dues aux efforts soutenus de personnes passionn\u00e9es et enthousiastes. Pour aboutir \u00e0 la cr\u00e9ation d\u2019un mus\u00e9e, encore faut-il que le niveau des collections soit \u00e0 la hauteur&nbsp;! C\u2019est le cas ici&nbsp;: elles permettent, par exemple, de suivre l\u2019\u00e9volution des nombreux proc\u00e9d\u00e9s qui se sont succ\u00e9d\u00e9s depuis le bitume de Jud\u00e9e des origines, jusqu\u2019au g\u00e9latino-bromure d\u2019argent ou encore de contempler les daguerr\u00e9otypes que Jules Itier&#8230;<\/p>\n<p class=\"read-more\"><a class=\"btn btn-default\" href=\"https:\/\/mecenat-musee-photo.org\/?page_id=12\">Lire la suite<span class=\"screen-reader-text\"> Lire la suite<\/span><\/a><\/p>\n","protected":false},"author":1,"featured_media":0,"parent":0,"menu_order":0,"comment_status":"closed","ping_status":"closed","template":"","meta":{"jetpack_post_was_ever_published":false,"footnotes":""},"class_list":["post-12","page","type-page","status-publish","hentry"],"yoast_head":"<!-- This site is optimized with the Yoast SEO plugin v21.5 - https:\/\/yoast.com\/wordpress\/plugins\/seo\/ -->\n<title>Les Collections - M\u00e9c\u00e9nat du Mus\u00e9e Fran\u00e7ais de La Photographie de Bi\u00e8vres<\/title>\n<meta name=\"robots\" content=\"index, follow, max-snippet:-1, max-image-preview:large, max-video-preview:-1\" \/>\n<link rel=\"canonical\" href=\"https:\/\/mecenat-musee-photo.org\/?page_id=12\" \/>\n<meta property=\"og:locale\" content=\"fr_FR\" \/>\n<meta property=\"og:type\" content=\"article\" \/>\n<meta property=\"og:title\" content=\"Les Collections - M\u00e9c\u00e9nat du Mus\u00e9e Fran\u00e7ais de La Photographie de Bi\u00e8vres\" \/>\n<meta property=\"og:description\" content=\"Comme bien des collections, celles qui ont permis la fondation du Mus\u00e9e Fran\u00e7ais de Bi\u00e8vres sont dues aux efforts soutenus de personnes passionn\u00e9es et enthousiastes. Pour aboutir \u00e0 la cr\u00e9ation d\u2019un mus\u00e9e, encore faut-il que le niveau des collections soit \u00e0 la hauteur&nbsp;! C\u2019est le cas ici&nbsp;: elles permettent, par exemple, de suivre l\u2019\u00e9volution des nombreux proc\u00e9d\u00e9s qui se sont succ\u00e9d\u00e9s depuis le bitume de Jud\u00e9e des origines, jusqu\u2019au g\u00e9latino-bromure d\u2019argent ou encore de contempler les daguerr\u00e9otypes que Jules Itier...Lire la suite Lire la suite\" \/>\n<meta property=\"og:url\" content=\"https:\/\/mecenat-musee-photo.org\/?page_id=12\" \/>\n<meta property=\"og:site_name\" content=\"M\u00e9c\u00e9nat du Mus\u00e9e Fran\u00e7ais de La Photographie de Bi\u00e8vres\" \/>\n<meta property=\"article:modified_time\" content=\"2023-12-07T15:24:58+00:00\" \/>\n<meta name=\"twitter:card\" content=\"summary_large_image\" \/>\n<meta name=\"twitter:label1\" content=\"Dur\u00e9e de lecture estim\u00e9e\" \/>\n\t<meta name=\"twitter:data1\" content=\"1 minute\" \/>\n<script type=\"application\/ld+json\" class=\"yoast-schema-graph\">{\"@context\":\"https:\/\/schema.org\",\"@graph\":[{\"@type\":\"WebPage\",\"@id\":\"https:\/\/mecenat-musee-photo.org\/?page_id=12\",\"url\":\"https:\/\/mecenat-musee-photo.org\/?page_id=12\",\"name\":\"Les Collections - M\u00e9c\u00e9nat du Mus\u00e9e Fran\u00e7ais de La Photographie de Bi\u00e8vres\",\"isPartOf\":{\"@id\":\"https:\/\/mecenat-musee-photo.org\/#website\"},\"datePublished\":\"2023-09-26T14:25:06+00:00\",\"dateModified\":\"2023-12-07T15:24:58+00:00\",\"breadcrumb\":{\"@id\":\"https:\/\/mecenat-musee-photo.org\/?page_id=12#breadcrumb\"},\"inLanguage\":\"fr-FR\",\"potentialAction\":[{\"@type\":\"ReadAction\",\"target\":[\"https:\/\/mecenat-musee-photo.org\/?page_id=12\"]}]},{\"@type\":\"BreadcrumbList\",\"@id\":\"https:\/\/mecenat-musee-photo.org\/?page_id=12#breadcrumb\",\"itemListElement\":[{\"@type\":\"ListItem\",\"position\":1,\"name\":\"Accueil\",\"item\":\"https:\/\/mecenat-musee-photo.org\/\"},{\"@type\":\"ListItem\",\"position\":2,\"name\":\"Les Collections\"}]},{\"@type\":\"WebSite\",\"@id\":\"https:\/\/mecenat-musee-photo.org\/#website\",\"url\":\"https:\/\/mecenat-musee-photo.org\/\",\"name\":\"M\u00e9c\u00e9nat du Mus\u00e9e Fran\u00e7ais de La Photographie de Bi\u00e8vres\",\"description\":\"Pour que l&#039;Image perdure !\",\"alternateName\":\"M\u00e9c\u00e9nat - MFPB\",\"potentialAction\":[{\"@type\":\"SearchAction\",\"target\":{\"@type\":\"EntryPoint\",\"urlTemplate\":\"https:\/\/mecenat-musee-photo.org\/?s={search_term_string}\"},\"query-input\":\"required name=search_term_string\"}],\"inLanguage\":\"fr-FR\"}]}<\/script>\n<!-- \/ Yoast SEO plugin. -->","yoast_head_json":{"title":"Les Collections - M\u00e9c\u00e9nat du Mus\u00e9e Fran\u00e7ais de La Photographie de Bi\u00e8vres","robots":{"index":"index","follow":"follow","max-snippet":"max-snippet:-1","max-image-preview":"max-image-preview:large","max-video-preview":"max-video-preview:-1"},"canonical":"https:\/\/mecenat-musee-photo.org\/?page_id=12","og_locale":"fr_FR","og_type":"article","og_title":"Les Collections - M\u00e9c\u00e9nat du Mus\u00e9e Fran\u00e7ais de La Photographie de Bi\u00e8vres","og_description":"Comme bien des collections, celles qui ont permis la fondation du Mus\u00e9e Fran\u00e7ais de Bi\u00e8vres sont dues aux efforts soutenus de personnes passionn\u00e9es et enthousiastes. Pour aboutir \u00e0 la cr\u00e9ation d\u2019un mus\u00e9e, encore faut-il que le niveau des collections soit \u00e0 la hauteur&nbsp;! C\u2019est le cas ici&nbsp;: elles permettent, par exemple, de suivre l\u2019\u00e9volution des nombreux proc\u00e9d\u00e9s qui se sont succ\u00e9d\u00e9s depuis le bitume de Jud\u00e9e des origines, jusqu\u2019au g\u00e9latino-bromure d\u2019argent ou encore de contempler les daguerr\u00e9otypes que Jules Itier...Lire la suite Lire la suite","og_url":"https:\/\/mecenat-musee-photo.org\/?page_id=12","og_site_name":"M\u00e9c\u00e9nat du Mus\u00e9e Fran\u00e7ais de La Photographie de Bi\u00e8vres","article_modified_time":"2023-12-07T15:24:58+00:00","twitter_card":"summary_large_image","twitter_misc":{"Dur\u00e9e de lecture estim\u00e9e":"1 minute"},"schema":{"@context":"https:\/\/schema.org","@graph":[{"@type":"WebPage","@id":"https:\/\/mecenat-musee-photo.org\/?page_id=12","url":"https:\/\/mecenat-musee-photo.org\/?page_id=12","name":"Les Collections - M\u00e9c\u00e9nat du Mus\u00e9e Fran\u00e7ais de La Photographie de Bi\u00e8vres","isPartOf":{"@id":"https:\/\/mecenat-musee-photo.org\/#website"},"datePublished":"2023-09-26T14:25:06+00:00","dateModified":"2023-12-07T15:24:58+00:00","breadcrumb":{"@id":"https:\/\/mecenat-musee-photo.org\/?page_id=12#breadcrumb"},"inLanguage":"fr-FR","potentialAction":[{"@type":"ReadAction","target":["https:\/\/mecenat-musee-photo.org\/?page_id=12"]}]},{"@type":"BreadcrumbList","@id":"https:\/\/mecenat-musee-photo.org\/?page_id=12#breadcrumb","itemListElement":[{"@type":"ListItem","position":1,"name":"Accueil","item":"https:\/\/mecenat-musee-photo.org\/"},{"@type":"ListItem","position":2,"name":"Les Collections"}]},{"@type":"WebSite","@id":"https:\/\/mecenat-musee-photo.org\/#website","url":"https:\/\/mecenat-musee-photo.org\/","name":"M\u00e9c\u00e9nat du Mus\u00e9e Fran\u00e7ais de La Photographie de Bi\u00e8vres","description":"Pour que l&#039;Image perdure !","alternateName":"M\u00e9c\u00e9nat - MFPB","potentialAction":[{"@type":"SearchAction","target":{"@type":"EntryPoint","urlTemplate":"https:\/\/mecenat-musee-photo.org\/?s={search_term_string}"},"query-input":"required name=search_term_string"}],"inLanguage":"fr-FR"}]}},"jetpack_sharing_enabled":true,"_links":{"self":[{"href":"https:\/\/mecenat-musee-photo.org\/index.php?rest_route=\/wp\/v2\/pages\/12","targetHints":{"allow":["GET"]}}],"collection":[{"href":"https:\/\/mecenat-musee-photo.org\/index.php?rest_route=\/wp\/v2\/pages"}],"about":[{"href":"https:\/\/mecenat-musee-photo.org\/index.php?rest_route=\/wp\/v2\/types\/page"}],"author":[{"embeddable":true,"href":"https:\/\/mecenat-musee-photo.org\/index.php?rest_route=\/wp\/v2\/users\/1"}],"replies":[{"embeddable":true,"href":"https:\/\/mecenat-musee-photo.org\/index.php?rest_route=%2Fwp%2Fv2%2Fcomments&post=12"}],"version-history":[{"count":3,"href":"https:\/\/mecenat-musee-photo.org\/index.php?rest_route=\/wp\/v2\/pages\/12\/revisions"}],"predecessor-version":[{"id":318,"href":"https:\/\/mecenat-musee-photo.org\/index.php?rest_route=\/wp\/v2\/pages\/12\/revisions\/318"}],"wp:attachment":[{"href":"https:\/\/mecenat-musee-photo.org\/index.php?rest_route=%2Fwp%2Fv2%2Fmedia&parent=12"}],"curies":[{"name":"wp","href":"https:\/\/api.w.org\/{rel}","templated":true}]}}