{"id":22,"date":"2023-09-26T16:28:25","date_gmt":"2023-09-26T14:28:25","guid":{"rendered":"http:\/\/mecenat-musee-photo.org\/?page_id=22"},"modified":"2024-05-31T20:01:39","modified_gmt":"2024-05-31T18:01:39","slug":"roles-des-parties-prenantes","status":"publish","type":"page","link":"https:\/\/mecenat-musee-photo.org\/?page_id=22","title":{"rendered":"R\u00f4les Des Parties Prenantes"},"content":{"rendered":"\n<p><strong><u>LE DEPARTEMENT DE L&rsquo;ESSONNE<\/u><\/strong> :<\/p>\n\n\n\n<ul class=\"wp-block-list\">\n<li>G\u00e8re et exploite les collections du<a href=\"http:\/\/mecenat-musee-photo.org\/?page_id=24\" data-type=\"page\" data-id=\"24\"> Mus\u00e9e Fran\u00e7ais de la Photographie<\/a>, <\/li>\n\n\n\n<li>Sollicite les associations du mus\u00e9e pour rechercher un ou des m\u00e9c\u00e8ne(s)<\/li>\n\n\n\n<li>Est l\u2019interlocuteur final du ou des m\u00e9c\u00e8ne(s) pour le montage du projet,<\/li>\n<\/ul>\n\n\n\n<p><\/p>\n\n\n\n<p><u><strong>LE OU LES MECENES<\/strong><\/u> :<\/p>\n\n\n\n<p>Sont sollicit\u00e9s pour financer un b\u00e2timent pouvant recevoir les collections du Mus\u00e9e Fran\u00e7ais de la Photographie, selon les normes mus\u00e9ales en vigueurs, en partenariat avec les instances D\u00e9partementales de l\u2019Essonne (les r\u00e9serves et le fonctionnement du Mus\u00e9e restant \u00e0 la charge du D\u00e9partement<\/p>\n\n\n\n<p><\/p>\n\n\n\n<p><strong><u>LES ASSOCIATIONS DU MUSEE FRANCAIS DE LA PHOTOGRAPHIE<\/u><\/strong><\/p>\n\n\n\n<ul class=\"wp-block-list\">\n<li>Vis-\u00e0-vis du ou des m\u00e9c\u00e8ne(s) potentiels&nbsp;: faciliter leurs d\u00e9marches pour \u00e9valuer le plus pr\u00e9cis\u00e9ment possible l\u2019int\u00e9r\u00eat de la collection et du projet (visites priv\u00e9es du mus\u00e9e et de ses r\u00e9serves, rencontres avec les membres de l\u2019\u00e9quipe du mus\u00e9e, rencontres avec les services culturels du D\u00e9partement\u2026)<\/li>\n\n\n\n<li>Vis-\u00e0-vis du d\u00e9partement de l\u2019Essonne&nbsp;: mettre les services concern\u00e9s en contact avec les interlocuteurs les plus pertinents pour mener \u00e0 bien le projet de futur mus\u00e9e.<\/li>\n<\/ul>\n\n\n\n<p><a href=\"http:\/\/mecenat-musee-photo.org\/?page_id=8\" data-type=\"page\" data-id=\"8\"><strong><em>Revenir \u00e0 \u00ab\u00a0Le Projet !\u00a0\u00bb<\/em><\/strong><\/a><\/p>\n","protected":false},"excerpt":{"rendered":"<p>LE DEPARTEMENT DE L&rsquo;ESSONNE : LE OU LES MECENES : Sont sollicit\u00e9s pour financer un b\u00e2timent pouvant recevoir les collections du Mus\u00e9e Fran\u00e7ais de la Photographie, selon les normes mus\u00e9ales en vigueurs, en partenariat avec les instances D\u00e9partementales de l\u2019Essonne (les r\u00e9serves et le fonctionnement du Mus\u00e9e restant \u00e0 la charge du D\u00e9partement LES ASSOCIATIONS DU MUSEE FRANCAIS DE LA PHOTOGRAPHIE Revenir \u00e0 \u00ab\u00a0Le Projet !\u00a0\u00bb<\/p>\n","protected":false},"author":1,"featured_media":0,"parent":8,"menu_order":0,"comment_status":"closed","ping_status":"closed","template":"","meta":{"jetpack_post_was_ever_published":false,"footnotes":""},"class_list":["post-22","page","type-page","status-publish","hentry"],"yoast_head":"<!-- This site is optimized with the Yoast SEO plugin v21.5 - https:\/\/yoast.com\/wordpress\/plugins\/seo\/ -->\n<title>R\u00f4les Des Parties Prenantes - M\u00e9c\u00e9nat du Mus\u00e9e Fran\u00e7ais de La Photographie de Bi\u00e8vres<\/title>\n<meta name=\"robots\" content=\"index, follow, max-snippet:-1, max-image-preview:large, max-video-preview:-1\" \/>\n<link rel=\"canonical\" href=\"https:\/\/mecenat-musee-photo.org\/?page_id=22\" \/>\n<meta property=\"og:locale\" content=\"fr_FR\" \/>\n<meta property=\"og:type\" content=\"article\" \/>\n<meta property=\"og:title\" content=\"R\u00f4les Des Parties Prenantes - M\u00e9c\u00e9nat du Mus\u00e9e Fran\u00e7ais de La Photographie de Bi\u00e8vres\" \/>\n<meta property=\"og:description\" content=\"LE DEPARTEMENT DE L&rsquo;ESSONNE : LE OU LES MECENES : Sont sollicit\u00e9s pour financer un b\u00e2timent pouvant recevoir les collections du Mus\u00e9e Fran\u00e7ais de la Photographie, selon les normes mus\u00e9ales en vigueurs, en partenariat avec les instances D\u00e9partementales de l\u2019Essonne (les r\u00e9serves et le fonctionnement du Mus\u00e9e restant \u00e0 la charge du D\u00e9partement LES ASSOCIATIONS DU MUSEE FRANCAIS DE LA PHOTOGRAPHIE Revenir \u00e0 \u00ab\u00a0Le Projet !\u00a0\u00bb\" \/>\n<meta property=\"og:url\" content=\"https:\/\/mecenat-musee-photo.org\/?page_id=22\" \/>\n<meta property=\"og:site_name\" content=\"M\u00e9c\u00e9nat du Mus\u00e9e Fran\u00e7ais de La Photographie de Bi\u00e8vres\" \/>\n<meta property=\"article:modified_time\" content=\"2024-05-31T18:01:39+00:00\" \/>\n<meta name=\"twitter:card\" content=\"summary_large_image\" \/>\n<meta name=\"twitter:label1\" content=\"Dur\u00e9e de lecture estim\u00e9e\" \/>\n\t<meta name=\"twitter:data1\" content=\"1 minute\" \/>\n<script type=\"application\/ld+json\" class=\"yoast-schema-graph\">{\"@context\":\"https:\/\/schema.org\",\"@graph\":[{\"@type\":\"WebPage\",\"@id\":\"https:\/\/mecenat-musee-photo.org\/?page_id=22\",\"url\":\"https:\/\/mecenat-musee-photo.org\/?page_id=22\",\"name\":\"R\u00f4les Des Parties Prenantes - M\u00e9c\u00e9nat du Mus\u00e9e Fran\u00e7ais de La Photographie de Bi\u00e8vres\",\"isPartOf\":{\"@id\":\"https:\/\/mecenat-musee-photo.org\/#website\"},\"datePublished\":\"2023-09-26T14:28:25+00:00\",\"dateModified\":\"2024-05-31T18:01:39+00:00\",\"breadcrumb\":{\"@id\":\"https:\/\/mecenat-musee-photo.org\/?page_id=22#breadcrumb\"},\"inLanguage\":\"fr-FR\",\"potentialAction\":[{\"@type\":\"ReadAction\",\"target\":[\"https:\/\/mecenat-musee-photo.org\/?page_id=22\"]}]},{\"@type\":\"BreadcrumbList\",\"@id\":\"https:\/\/mecenat-musee-photo.org\/?page_id=22#breadcrumb\",\"itemListElement\":[{\"@type\":\"ListItem\",\"position\":1,\"name\":\"Accueil\",\"item\":\"https:\/\/mecenat-musee-photo.org\/\"},{\"@type\":\"ListItem\",\"position\":2,\"name\":\"Le Projet\",\"item\":\"https:\/\/mecenat-musee-photo.org\/?page_id=8\"},{\"@type\":\"ListItem\",\"position\":3,\"name\":\"R\u00f4les Des Parties Prenantes\"}]},{\"@type\":\"WebSite\",\"@id\":\"https:\/\/mecenat-musee-photo.org\/#website\",\"url\":\"https:\/\/mecenat-musee-photo.org\/\",\"name\":\"M\u00e9c\u00e9nat du Mus\u00e9e Fran\u00e7ais de La Photographie de Bi\u00e8vres\",\"description\":\"Pour que l&#039;Image perdure !\",\"alternateName\":\"M\u00e9c\u00e9nat - MFPB\",\"potentialAction\":[{\"@type\":\"SearchAction\",\"target\":{\"@type\":\"EntryPoint\",\"urlTemplate\":\"https:\/\/mecenat-musee-photo.org\/?s={search_term_string}\"},\"query-input\":\"required name=search_term_string\"}],\"inLanguage\":\"fr-FR\"}]}<\/script>\n<!-- \/ Yoast SEO plugin. -->","yoast_head_json":{"title":"R\u00f4les Des Parties Prenantes - M\u00e9c\u00e9nat du Mus\u00e9e Fran\u00e7ais de La Photographie de Bi\u00e8vres","robots":{"index":"index","follow":"follow","max-snippet":"max-snippet:-1","max-image-preview":"max-image-preview:large","max-video-preview":"max-video-preview:-1"},"canonical":"https:\/\/mecenat-musee-photo.org\/?page_id=22","og_locale":"fr_FR","og_type":"article","og_title":"R\u00f4les Des Parties Prenantes - M\u00e9c\u00e9nat du Mus\u00e9e Fran\u00e7ais de La Photographie de Bi\u00e8vres","og_description":"LE DEPARTEMENT DE L&rsquo;ESSONNE : LE OU LES MECENES : Sont sollicit\u00e9s pour financer un b\u00e2timent pouvant recevoir les collections du Mus\u00e9e Fran\u00e7ais de la Photographie, selon les normes mus\u00e9ales en vigueurs, en partenariat avec les instances D\u00e9partementales de l\u2019Essonne (les r\u00e9serves et le fonctionnement du Mus\u00e9e restant \u00e0 la charge du D\u00e9partement LES ASSOCIATIONS DU MUSEE FRANCAIS DE LA PHOTOGRAPHIE Revenir \u00e0 \u00ab\u00a0Le Projet !\u00a0\u00bb","og_url":"https:\/\/mecenat-musee-photo.org\/?page_id=22","og_site_name":"M\u00e9c\u00e9nat du Mus\u00e9e Fran\u00e7ais de La Photographie de Bi\u00e8vres","article_modified_time":"2024-05-31T18:01:39+00:00","twitter_card":"summary_large_image","twitter_misc":{"Dur\u00e9e de lecture estim\u00e9e":"1 minute"},"schema":{"@context":"https:\/\/schema.org","@graph":[{"@type":"WebPage","@id":"https:\/\/mecenat-musee-photo.org\/?page_id=22","url":"https:\/\/mecenat-musee-photo.org\/?page_id=22","name":"R\u00f4les Des Parties Prenantes - M\u00e9c\u00e9nat du Mus\u00e9e Fran\u00e7ais de La Photographie de Bi\u00e8vres","isPartOf":{"@id":"https:\/\/mecenat-musee-photo.org\/#website"},"datePublished":"2023-09-26T14:28:25+00:00","dateModified":"2024-05-31T18:01:39+00:00","breadcrumb":{"@id":"https:\/\/mecenat-musee-photo.org\/?page_id=22#breadcrumb"},"inLanguage":"fr-FR","potentialAction":[{"@type":"ReadAction","target":["https:\/\/mecenat-musee-photo.org\/?page_id=22"]}]},{"@type":"BreadcrumbList","@id":"https:\/\/mecenat-musee-photo.org\/?page_id=22#breadcrumb","itemListElement":[{"@type":"ListItem","position":1,"name":"Accueil","item":"https:\/\/mecenat-musee-photo.org\/"},{"@type":"ListItem","position":2,"name":"Le Projet","item":"https:\/\/mecenat-musee-photo.org\/?page_id=8"},{"@type":"ListItem","position":3,"name":"R\u00f4les Des Parties Prenantes"}]},{"@type":"WebSite","@id":"https:\/\/mecenat-musee-photo.org\/#website","url":"https:\/\/mecenat-musee-photo.org\/","name":"M\u00e9c\u00e9nat du Mus\u00e9e Fran\u00e7ais de La Photographie de Bi\u00e8vres","description":"Pour que l&#039;Image perdure !","alternateName":"M\u00e9c\u00e9nat - MFPB","potentialAction":[{"@type":"SearchAction","target":{"@type":"EntryPoint","urlTemplate":"https:\/\/mecenat-musee-photo.org\/?s={search_term_string}"},"query-input":"required name=search_term_string"}],"inLanguage":"fr-FR"}]}},"jetpack_sharing_enabled":true,"_links":{"self":[{"href":"https:\/\/mecenat-musee-photo.org\/index.php?rest_route=\/wp\/v2\/pages\/22","targetHints":{"allow":["GET"]}}],"collection":[{"href":"https:\/\/mecenat-musee-photo.org\/index.php?rest_route=\/wp\/v2\/pages"}],"about":[{"href":"https:\/\/mecenat-musee-photo.org\/index.php?rest_route=\/wp\/v2\/types\/page"}],"author":[{"embeddable":true,"href":"https:\/\/mecenat-musee-photo.org\/index.php?rest_route=\/wp\/v2\/users\/1"}],"replies":[{"embeddable":true,"href":"https:\/\/mecenat-musee-photo.org\/index.php?rest_route=%2Fwp%2Fv2%2Fcomments&post=22"}],"version-history":[{"count":7,"href":"https:\/\/mecenat-musee-photo.org\/index.php?rest_route=\/wp\/v2\/pages\/22\/revisions"}],"predecessor-version":[{"id":345,"href":"https:\/\/mecenat-musee-photo.org\/index.php?rest_route=\/wp\/v2\/pages\/22\/revisions\/345"}],"up":[{"embeddable":true,"href":"https:\/\/mecenat-musee-photo.org\/index.php?rest_route=\/wp\/v2\/pages\/8"}],"wp:attachment":[{"href":"https:\/\/mecenat-musee-photo.org\/index.php?rest_route=%2Fwp%2Fv2%2Fmedia&parent=22"}],"curies":[{"name":"wp","href":"https:\/\/api.w.org\/{rel}","templated":true}]}}