{"id":24,"date":"2023-09-26T16:29:22","date_gmt":"2023-09-26T14:29:22","guid":{"rendered":"http:\/\/mecenat-musee-photo.org\/?page_id=24"},"modified":"2025-01-02T09:20:07","modified_gmt":"2025-01-02T08:20:07","slug":"le-conseil-departemental-de-lessonne","status":"publish","type":"page","link":"https:\/\/mecenat-musee-photo.org\/?page_id=24","title":{"rendered":"Le Conseil D\u00e9partemental de l&rsquo;Essonne"},"content":{"rendered":"\n<p>Les Conseils d\u00e9partementaux (anciennement Conseils g\u00e9n\u00e9raux) sont des collectivit\u00e9s territoriales constitu\u00e9es de Conseillers d\u00e9partementaux \u00e9lus pour six ans.<\/p>\n\n\n\n<p>Comme tous les Conseils d\u00e9partementaux, celui de l\u2019Essonne exerce plusieurs comp\u00e9tences r\u00e9gies par la loi.<\/p>\n\n\n\n<p>La principale est li\u00e9e \u00e0 la promotion des solidarit\u00e9s et \u00e0 la coh\u00e9sion territoriale. C\u2019est l\u2019action sociale du D\u00e9partement&nbsp;: enfance, personnes handicap\u00e9es, personnes \u00e2g\u00e9es et aide sociale.<\/p>\n\n\n\n<p>Les autres comp\u00e9tences se trouvent dans l\u2019\u00e9ducation (les coll\u00e8ges), l\u2019am\u00e9nagement du territoire, les transports et le service d\u00e9partemental d\u2019incendie et de secours.<\/p>\n\n\n\n<p>Enfin, le D\u00e9partement a \u00e9galement une comp\u00e9tence culturelle partag\u00e9e avec les autres collectivit\u00e9s territoriales.<\/p>\n\n\n\n<p>C\u2019est \u00e0 ce titre, et suite \u00e0 la donation de 1986, qu\u2019il g\u00e8re et exploite le mus\u00e9e fran\u00e7ais de la photographie. Les locaux actuels (y compris les r\u00e9serves) lui appartiennent. Il nomme et dirige les collaborateurs du mus\u00e9e et veille au respect de ses missions essentielles&nbsp;: conserver, \u00e9tudier, enrichir les collections, les rendre accessibles au public et mettre en \u0153uvre des actions d\u2019\u00e9ducation et de diffusion. Depuis 1986, le D\u00e9partement a proc\u00e9d\u00e9 \u00e0 de nombreuses acquisitions afin d\u2019enrichir la collection.<\/p>\n\n\n\n<p>Cliquez ci-dessous pour obtenir\u00a0<strong>le message de Fran\u00e7ois DUROVRAY, Pr\u00e9sident du D\u00e9partement de l\u2019Essonne.\u00a0<\/strong><\/p>\n\n\n\n<figure class=\"wp-block-video\"><video height=\"288\" style=\"aspect-ratio: 512 \/ 288;\" width=\"512\" controls src=\"http:\/\/mecenat-musee-photo.org\/wp-content\/uploads\/2024\/01\/DuvernoyV2.mp4\"><\/video><figcaption class=\"wp-element-caption\"><strong><em>Fran\u00e7ois DUROVRAY &#8211; Pr\u00e9sident du D\u00e9partement de l&rsquo;Essonne<\/em><\/strong><\/figcaption><\/figure>\n\n\n\n<p><a href=\"http:\/\/mecenat-musee-photo.org\/?page_id=10\" data-type=\"page\" data-id=\"10\"><strong><em>Revenir \u00e0 \u00ab\u00a0Les Acteurs\u00a0\u00bb<\/em><\/strong><\/a><\/p>\n","protected":false},"excerpt":{"rendered":"<p>Les Conseils d\u00e9partementaux (anciennement Conseils g\u00e9n\u00e9raux) sont des collectivit\u00e9s territoriales constitu\u00e9es de Conseillers d\u00e9partementaux \u00e9lus pour six ans. Comme tous les Conseils d\u00e9partementaux, celui de l\u2019Essonne exerce plusieurs comp\u00e9tences r\u00e9gies par la loi. La principale est li\u00e9e \u00e0 la promotion des solidarit\u00e9s et \u00e0 la coh\u00e9sion territoriale. C\u2019est l\u2019action sociale du D\u00e9partement&nbsp;: enfance, personnes handicap\u00e9es, personnes \u00e2g\u00e9es et aide sociale. Les autres comp\u00e9tences se trouvent dans l\u2019\u00e9ducation (les coll\u00e8ges), l\u2019am\u00e9nagement du territoire, les transports et le service d\u00e9partemental d\u2019incendie et&#8230;<\/p>\n<p class=\"read-more\"><a class=\"btn btn-default\" href=\"https:\/\/mecenat-musee-photo.org\/?page_id=24\">Lire la suite<span class=\"screen-reader-text\"> Lire la suite<\/span><\/a><\/p>\n","protected":false},"author":1,"featured_media":0,"parent":10,"menu_order":0,"comment_status":"closed","ping_status":"closed","template":"","meta":{"jetpack_post_was_ever_published":false,"footnotes":""},"class_list":["post-24","page","type-page","status-publish","hentry"],"yoast_head":"<!-- This site is optimized with the Yoast SEO plugin v21.5 - https:\/\/yoast.com\/wordpress\/plugins\/seo\/ -->\n<title>Le Conseil D\u00e9partemental de l&#039;Essonne - M\u00e9c\u00e9nat du Mus\u00e9e Fran\u00e7ais de La Photographie de Bi\u00e8vres<\/title>\n<meta name=\"robots\" content=\"index, follow, max-snippet:-1, max-image-preview:large, max-video-preview:-1\" \/>\n<link rel=\"canonical\" href=\"https:\/\/mecenat-musee-photo.org\/?page_id=24\" \/>\n<meta property=\"og:locale\" content=\"fr_FR\" \/>\n<meta property=\"og:type\" content=\"article\" \/>\n<meta property=\"og:title\" content=\"Le Conseil D\u00e9partemental de l&#039;Essonne - M\u00e9c\u00e9nat du Mus\u00e9e Fran\u00e7ais de La Photographie de Bi\u00e8vres\" \/>\n<meta property=\"og:description\" content=\"Les Conseils d\u00e9partementaux (anciennement Conseils g\u00e9n\u00e9raux) sont des collectivit\u00e9s territoriales constitu\u00e9es de Conseillers d\u00e9partementaux \u00e9lus pour six ans. Comme tous les Conseils d\u00e9partementaux, celui de l\u2019Essonne exerce plusieurs comp\u00e9tences r\u00e9gies par la loi. La principale est li\u00e9e \u00e0 la promotion des solidarit\u00e9s et \u00e0 la coh\u00e9sion territoriale. C\u2019est l\u2019action sociale du D\u00e9partement&nbsp;: enfance, personnes handicap\u00e9es, personnes \u00e2g\u00e9es et aide sociale. Les autres comp\u00e9tences se trouvent dans l\u2019\u00e9ducation (les coll\u00e8ges), l\u2019am\u00e9nagement du territoire, les transports et le service d\u00e9partemental d\u2019incendie et...Lire la suite Lire la suite\" \/>\n<meta property=\"og:url\" content=\"https:\/\/mecenat-musee-photo.org\/?page_id=24\" \/>\n<meta property=\"og:site_name\" content=\"M\u00e9c\u00e9nat du Mus\u00e9e Fran\u00e7ais de La Photographie de Bi\u00e8vres\" \/>\n<meta property=\"article:modified_time\" content=\"2025-01-02T08:20:07+00:00\" \/>\n<meta name=\"twitter:card\" content=\"summary_large_image\" \/>\n<meta name=\"twitter:label1\" content=\"Dur\u00e9e de lecture estim\u00e9e\" \/>\n\t<meta name=\"twitter:data1\" content=\"2 minutes\" \/>\n<script type=\"application\/ld+json\" class=\"yoast-schema-graph\">{\"@context\":\"https:\/\/schema.org\",\"@graph\":[{\"@type\":\"WebPage\",\"@id\":\"https:\/\/mecenat-musee-photo.org\/?page_id=24\",\"url\":\"https:\/\/mecenat-musee-photo.org\/?page_id=24\",\"name\":\"Le Conseil D\u00e9partemental de l'Essonne - M\u00e9c\u00e9nat du Mus\u00e9e Fran\u00e7ais de La Photographie de Bi\u00e8vres\",\"isPartOf\":{\"@id\":\"https:\/\/mecenat-musee-photo.org\/#website\"},\"datePublished\":\"2023-09-26T14:29:22+00:00\",\"dateModified\":\"2025-01-02T08:20:07+00:00\",\"breadcrumb\":{\"@id\":\"https:\/\/mecenat-musee-photo.org\/?page_id=24#breadcrumb\"},\"inLanguage\":\"fr-FR\",\"potentialAction\":[{\"@type\":\"ReadAction\",\"target\":[\"https:\/\/mecenat-musee-photo.org\/?page_id=24\"]}]},{\"@type\":\"BreadcrumbList\",\"@id\":\"https:\/\/mecenat-musee-photo.org\/?page_id=24#breadcrumb\",\"itemListElement\":[{\"@type\":\"ListItem\",\"position\":1,\"name\":\"Accueil\",\"item\":\"https:\/\/mecenat-musee-photo.org\/\"},{\"@type\":\"ListItem\",\"position\":2,\"name\":\"Les Acteurs\",\"item\":\"https:\/\/mecenat-musee-photo.org\/?page_id=10\"},{\"@type\":\"ListItem\",\"position\":3,\"name\":\"Le Conseil D\u00e9partemental de l&rsquo;Essonne\"}]},{\"@type\":\"WebSite\",\"@id\":\"https:\/\/mecenat-musee-photo.org\/#website\",\"url\":\"https:\/\/mecenat-musee-photo.org\/\",\"name\":\"M\u00e9c\u00e9nat du Mus\u00e9e Fran\u00e7ais de La Photographie de Bi\u00e8vres\",\"description\":\"Pour que l&#039;Image perdure !\",\"alternateName\":\"M\u00e9c\u00e9nat - MFPB\",\"potentialAction\":[{\"@type\":\"SearchAction\",\"target\":{\"@type\":\"EntryPoint\",\"urlTemplate\":\"https:\/\/mecenat-musee-photo.org\/?s={search_term_string}\"},\"query-input\":\"required name=search_term_string\"}],\"inLanguage\":\"fr-FR\"}]}<\/script>\n<!-- \/ Yoast SEO plugin. -->","yoast_head_json":{"title":"Le Conseil D\u00e9partemental de l'Essonne - M\u00e9c\u00e9nat du Mus\u00e9e Fran\u00e7ais de La Photographie de Bi\u00e8vres","robots":{"index":"index","follow":"follow","max-snippet":"max-snippet:-1","max-image-preview":"max-image-preview:large","max-video-preview":"max-video-preview:-1"},"canonical":"https:\/\/mecenat-musee-photo.org\/?page_id=24","og_locale":"fr_FR","og_type":"article","og_title":"Le Conseil D\u00e9partemental de l'Essonne - M\u00e9c\u00e9nat du Mus\u00e9e Fran\u00e7ais de La Photographie de Bi\u00e8vres","og_description":"Les Conseils d\u00e9partementaux (anciennement Conseils g\u00e9n\u00e9raux) sont des collectivit\u00e9s territoriales constitu\u00e9es de Conseillers d\u00e9partementaux \u00e9lus pour six ans. Comme tous les Conseils d\u00e9partementaux, celui de l\u2019Essonne exerce plusieurs comp\u00e9tences r\u00e9gies par la loi. La principale est li\u00e9e \u00e0 la promotion des solidarit\u00e9s et \u00e0 la coh\u00e9sion territoriale. C\u2019est l\u2019action sociale du D\u00e9partement&nbsp;: enfance, personnes handicap\u00e9es, personnes \u00e2g\u00e9es et aide sociale. Les autres comp\u00e9tences se trouvent dans l\u2019\u00e9ducation (les coll\u00e8ges), l\u2019am\u00e9nagement du territoire, les transports et le service d\u00e9partemental d\u2019incendie et...Lire la suite Lire la suite","og_url":"https:\/\/mecenat-musee-photo.org\/?page_id=24","og_site_name":"M\u00e9c\u00e9nat du Mus\u00e9e Fran\u00e7ais de La Photographie de Bi\u00e8vres","article_modified_time":"2025-01-02T08:20:07+00:00","twitter_card":"summary_large_image","twitter_misc":{"Dur\u00e9e de lecture estim\u00e9e":"2 minutes"},"schema":{"@context":"https:\/\/schema.org","@graph":[{"@type":"WebPage","@id":"https:\/\/mecenat-musee-photo.org\/?page_id=24","url":"https:\/\/mecenat-musee-photo.org\/?page_id=24","name":"Le Conseil D\u00e9partemental de l'Essonne - M\u00e9c\u00e9nat du Mus\u00e9e Fran\u00e7ais de La Photographie de Bi\u00e8vres","isPartOf":{"@id":"https:\/\/mecenat-musee-photo.org\/#website"},"datePublished":"2023-09-26T14:29:22+00:00","dateModified":"2025-01-02T08:20:07+00:00","breadcrumb":{"@id":"https:\/\/mecenat-musee-photo.org\/?page_id=24#breadcrumb"},"inLanguage":"fr-FR","potentialAction":[{"@type":"ReadAction","target":["https:\/\/mecenat-musee-photo.org\/?page_id=24"]}]},{"@type":"BreadcrumbList","@id":"https:\/\/mecenat-musee-photo.org\/?page_id=24#breadcrumb","itemListElement":[{"@type":"ListItem","position":1,"name":"Accueil","item":"https:\/\/mecenat-musee-photo.org\/"},{"@type":"ListItem","position":2,"name":"Les Acteurs","item":"https:\/\/mecenat-musee-photo.org\/?page_id=10"},{"@type":"ListItem","position":3,"name":"Le Conseil D\u00e9partemental de l&rsquo;Essonne"}]},{"@type":"WebSite","@id":"https:\/\/mecenat-musee-photo.org\/#website","url":"https:\/\/mecenat-musee-photo.org\/","name":"M\u00e9c\u00e9nat du Mus\u00e9e Fran\u00e7ais de La Photographie de Bi\u00e8vres","description":"Pour que l&#039;Image perdure !","alternateName":"M\u00e9c\u00e9nat - MFPB","potentialAction":[{"@type":"SearchAction","target":{"@type":"EntryPoint","urlTemplate":"https:\/\/mecenat-musee-photo.org\/?s={search_term_string}"},"query-input":"required name=search_term_string"}],"inLanguage":"fr-FR"}]}},"jetpack_sharing_enabled":true,"_links":{"self":[{"href":"https:\/\/mecenat-musee-photo.org\/index.php?rest_route=\/wp\/v2\/pages\/24","targetHints":{"allow":["GET"]}}],"collection":[{"href":"https:\/\/mecenat-musee-photo.org\/index.php?rest_route=\/wp\/v2\/pages"}],"about":[{"href":"https:\/\/mecenat-musee-photo.org\/index.php?rest_route=\/wp\/v2\/types\/page"}],"author":[{"embeddable":true,"href":"https:\/\/mecenat-musee-photo.org\/index.php?rest_route=\/wp\/v2\/users\/1"}],"replies":[{"embeddable":true,"href":"https:\/\/mecenat-musee-photo.org\/index.php?rest_route=%2Fwp%2Fv2%2Fcomments&post=24"}],"version-history":[{"count":6,"href":"https:\/\/mecenat-musee-photo.org\/index.php?rest_route=\/wp\/v2\/pages\/24\/revisions"}],"predecessor-version":[{"id":348,"href":"https:\/\/mecenat-musee-photo.org\/index.php?rest_route=\/wp\/v2\/pages\/24\/revisions\/348"}],"up":[{"embeddable":true,"href":"https:\/\/mecenat-musee-photo.org\/index.php?rest_route=\/wp\/v2\/pages\/10"}],"wp:attachment":[{"href":"https:\/\/mecenat-musee-photo.org\/index.php?rest_route=%2Fwp%2Fv2%2Fmedia&parent=24"}],"curies":[{"name":"wp","href":"https:\/\/api.w.org\/{rel}","templated":true}]}}