{"id":30,"date":"2023-09-26T16:31:15","date_gmt":"2023-09-26T14:31:15","guid":{"rendered":"http:\/\/mecenat-musee-photo.org\/?page_id=30"},"modified":"2025-01-02T09:28:05","modified_gmt":"2025-01-02T08:28:05","slug":"un-ensemble-exceptionnel","status":"publish","type":"page","link":"https:\/\/mecenat-musee-photo.org\/?page_id=30","title":{"rendered":"Un Ensemble Exceptionnel !"},"content":{"rendered":"\n<blockquote class=\"wp-block-quote is-layout-flow wp-block-quote-is-layout-flow\">\n<p>L\u2019actuelle collection du Mus\u00e9e Fran\u00e7ais de la Photographie est l\u2019aboutissement de plus de 60 ann\u00e9es d\u2019un travail d\u00e9termin\u00e9 et passionn\u00e9, men\u00e9 depuis le d\u00e9but des ann\u00e9es 50 par Jean Fage et son fils Andr\u00e9 Fage, respectivement cr\u00e9ateur et conservateur du Mus\u00e9e.<\/p>\n<\/blockquote>\n\n\n\n<p>Le Mus\u00e9e de la photo a \u00e9t\u00e9 inscrit, d\u00e8s 1968 par Andr\u00e9 MALRAUX, alors Ministre de la Culture, parmi les \u00ab&nbsp;mus\u00e9es contr\u00f4l\u00e9s&nbsp;\u00bb. Les statuts de l\u2019Association du Mus\u00e9e avaient pr\u00e9vu d\u00e8s l\u2019origine l\u2019inali\u00e9nabilit\u00e9 des collections. Cette cons\u00e9cration a donn\u00e9 une nouvelle l\u00e9gitimit\u00e9 \u00e0 l\u2019Association et au mus\u00e9e.<\/p>\n\n\n\n<p>Par la suite, le mus\u00e9e a re\u00e7u l\u2019appellation \u00ab&nbsp;Mus\u00e9e de France&nbsp;\u00bb, cr\u00e9\u00e9e par la loi du 4 janvier 2002, qui confirme l&rsquo;inali\u00e9nabilit\u00e9 des collections et permet, notamment, de b\u00e9n\u00e9ficier des dispositions fiscales en faveur du m\u00e9c\u00e9nat d\u2019entreprise pour les acquisitions.<\/p>\n\n\n\n<blockquote class=\"wp-block-quote is-layout-flow wp-block-quote-is-layout-flow\">\n<p>Parmi les<strong> 25 000 objets photographiques<\/strong> (appareils, objectifs et accessoi\u00adres) appartenant \u00e0 la collection, les visiteurs du Mus\u00e9e peuvent admirer la Jumelle de Jean-Guido Sigriste, un appareil de 1899 particuli\u00e8rement avanc\u00e9 pour l\u2019\u00e9poque. L\u2019appareil propose 80 vitesses d\u2019obturation, allant du 40<sup>e<\/sup> au 10 000<sup>e<\/sup> de seconde. Un t\u00e9moignage convaincant du dynamisme avec lequel les techniques photographiques ont \u00e9volu\u00e9 au cours des derni\u00e8res d\u00e9cennies du XIX<sup>e<\/sup> si\u00e8cle.<\/p>\n<\/blockquote>\n\n\n\n<p>Au-del\u00e0 des seuls appareils photographiques, le Mus\u00e9e regroupe un certain nombre d\u2019objets originaux, comme la chambre \u00e0 mercure de Daguerre, une des toutes premi\u00e8res chambres de d\u00e9veloppement de l\u2019Histoire. \u00ab Si l\u2019invention de la prise de vue proprement dite est \u00e0 porter au cr\u00e9dit du fran\u00e7ais Nic\u00e9phore Niepce, c\u2019est \u00e0 Louis Daguerre que revient le m\u00e9rite d\u2019avoir d\u00e9couvert le d\u00e9veloppement photo, explique Andr\u00e9 Fage. Cette d\u00e9couverte s\u2019est faite presque par accident, lorsque les clich\u00e9s furent mis en contact avec des vapeurs de mercure. La chambre \u00e0 mercure de Daguerre, historiquement la premi\u00e8re chambre de d\u00e9veloppement, est donc une des pi\u00e8ces de la collection auxquelles nous tenons particuli\u00e8rement \u00bb. L\u2019Essonnien est un autre appareil embl\u00e9matique. Il permet de r\u00e9aliser des prises de vue sur un n\u00e9gatif pouvant mesurer jusqu\u2019\u00e0 2 m par 3 m. L\u2019op\u00e9rateur entre dans l\u2019appareil pour faire la mise au point. Il s\u2019agit probablement du plus grand appareil photo au monde ja\u00admais con\u00e7u, capable de prendre des photos. Il a malheureusement d\u00fb \u00eatre d\u00e9mont\u00e9.<\/p>\n\n\n\n<p>Le Mus\u00e9e compte \u00e9galement des objets plus insolites, comme la chaise Daguerrienne, dont les appuis permettaient aux sujets de rester immobiles lors de temps de pose de plusieurs minutes. Les amateurs de photo a\u00e9rienne peuvent \u00e9galement voir un cerf-volant de prise de vue, datant du d\u00e9but du XX<sup>e<\/sup> si\u00e8cle.<\/p>\n\n\n\n<p>Cr\u00e9\u00e9 pour offrir au public un acc\u00e8s \u00e0 la collection personnelle de Jean et Andr\u00e9 Fage, le Mus\u00e9e s\u2019est \u00e9galement enrichi gr\u00e2ce \u00e0 l\u2019apport de collections priv\u00e9es, l\u00e9gu\u00e9es par leurs propri\u00e9taires. Des op\u00e9rations ponctuelles ont \u00e9galement permis de compl\u00e9ter la collection. <em>\u00ab En 1966, le fabricant allemand Zeiss Ikon a lanc\u00e9 une vaste op\u00e9ration de reprise, pour l\u2019achat d\u2019un appareil neuf, <\/em>explique Andr\u00e9 Fage. <em>Nous nous sommes arrang\u00e9s avec eux pour r\u00e9cup\u00e9rer le stock d\u2019appareils repris, initialement destin\u00e9s \u00e0 la destruction. Nous disposons ainsi aujourd\u2019hui de la plus belle collection d\u2019appareils populaires des ann\u00e9es 50 au d\u00e9\u00adbut des ann\u00e9es 60 \u00bb.<\/em><\/p>\n\n\n\n<blockquote class=\"wp-block-quote is-layout-flow wp-block-quote-is-layout-flow\">\n<p><em>A l\u2019heure o\u00f9 la photographie vient de r\u00e9ussir sans doute la plus importante mutation de son Histoire, en passant des techniques argentiques aux technologies num\u00e9riques, le Mus\u00e9e apporte une vue d\u2019ensemble sur toute l\u2019\u00e9volution de la prise de vue, qui ne peut que fasciner tous les passionn\u00e9s de l\u2019image, qu\u2019ils soient professionnels ou amateurs.<\/em><\/p>\n<\/blockquote>\n\n\n\n<p><\/p>\n\n\n\n<p>Compte tenu de la qualit\u00e9 et de la diversit\u00e9 de sa collection, le Mus\u00e9e Fran\u00e7ais de la Photographie est tout naturellement r\u00e9guli\u00e8rement sollicit\u00e9 pour des pr\u00eats comme l\u2019atteste cet aper\u00e7u sur la d\u00e9cennie 2013-2023&nbsp;:<\/p>\n\n\n\n<p><strong>Pr\u00eats \u00e0 l\u2019International<\/strong><br>Mus\u00e9e d\u2019ethnographie de Neuch\u00e2tel &#8211; Suisse<br>Museo Nacional Thyssen-Bornemisza \u2013 Madrid, Espagne<br>Museo Nacional Centro de Arte Reina Sofia&nbsp;\u2013 Madrid, Espagne<\/p>\n\n\n\n<p><strong>Pr\u00eats aux Mus\u00e9es nationaux<\/strong> <br>Mus\u00e9e national des arts asiatiques Guimet \u2013 Paris (2 pr\u00eats)<br>Mus\u00e9e de la Poste \u2013 Paris<br>Mus\u00e9e de l\u2019Arm\u00e9e Invalides &#8211; Paris<br>Mus\u00e9e d\u2019Orsay \u2013 Paris (2 pr\u00eats)<br>Mus\u00e9e des Civilisations de l\u2019Europe et de la M\u00e9diterran\u00e9e (MuCEM) &#8211; Marseille<\/p>\n\n\n\n<p><strong>Pr\u00eats aux Mus\u00e9es de France et autres institutions<\/strong> <br>Biblioth\u00e8que de l\u2019Heure Joyeuse &#8211; Paris<br>Mus\u00e9e de Bretagne \u2013 Rennes (4 pr\u00eats)<br>Centre Pompidou-Metz (2 pr\u00eats)<br>Maison de la photographie Robert Doisneau \u2013 Gentilly (3 pr\u00eats)<br>Mus\u00e9e Sainte Croix &#8211; Poitiers<br>Mus\u00e9e-Ch\u00e2teau &#8211; Angers<br>Mus\u00e9e des Confluences \u2013 Lyon (2 pr\u00eats)<br>Institut Hongrois &#8211; Paris<br>Familist\u00e8re de Guise<br>Mus\u00e9e Unterlinden \u2013 Colmar<br>Mus\u00e9e de l\u2019ordre de la Lib\u00e9ration \u2013 Paris<br>Mus\u00e9e R\u00e9attu \u2013 Arles<br>Stimultania &#8211; Strasbourg<br>Mus\u00e9e Albert Kahn &#8211; Boulogne-Billancourt&nbsp;<br>Mus\u00e9e de l\u2019Hospice Comtesse &#8211; Lille<br>Maison Europ\u00e9enne de la Photographie (MEP)&nbsp;&#8211; Paris<br>Jeu de Paume&nbsp;&#8211; Paris<br>Mus\u00e9e D\u00e9partemental Arles antique&nbsp;&#8211; Arles<br>Cit\u00e9 de l\u2019Architecture &amp; du Patrimoine &#8211; Paris<br>Mus\u00e9e National de la Marine de Toulon<br>FRAC Provence-Alpes-C\u00f4te d\u2019Azur &#8211; Marseille<br>Maison Guerlain &#8211; Paris<br>M\u00e9morial de Verdun<br>Centre Photographique d\u2019Ile-de-France (CPIF) \u2013 Pontault-Combault<br>Mus\u00e9e de l\u2019Oise (MUDO) &#8211; Beauvais<br>Mus\u00e9e d\u2019arts de Nantes<\/p>\n\n\n\n<p><a href=\"https:\/\/museedelaphoto.essonne.fr\/\" target=\"_blank\" rel=\"noreferrer noopener\">D\u00e9couvrez le Mus\u00e9e Fran\u00e7ais De La Photographie De Bi\u00e8vres<\/a><\/p>\n\n\n\n<p><strong><a href=\"http:\/\/mecenat-musee-photo.org\/?page_id=12\" data-type=\"page\" data-id=\"12\"><em>Revenir \u00e0 \u00ab\u00a0Les Collections\u00a0\u00bb<\/em><\/a><\/strong><\/p>\n","protected":false},"excerpt":{"rendered":"<p>L\u2019actuelle collection du Mus\u00e9e Fran\u00e7ais de la Photographie est l\u2019aboutissement de plus de 60 ann\u00e9es d\u2019un travail d\u00e9termin\u00e9 et passionn\u00e9, men\u00e9 depuis le d\u00e9but des ann\u00e9es 50 par Jean Fage et son fils Andr\u00e9 Fage, respectivement cr\u00e9ateur et conservateur du Mus\u00e9e. Le Mus\u00e9e de la photo a \u00e9t\u00e9 inscrit, d\u00e8s 1968 par Andr\u00e9 MALRAUX, alors Ministre de la Culture, parmi les \u00ab&nbsp;mus\u00e9es contr\u00f4l\u00e9s&nbsp;\u00bb. Les statuts de l\u2019Association du Mus\u00e9e avaient pr\u00e9vu d\u00e8s l\u2019origine l\u2019inali\u00e9nabilit\u00e9 des collections. Cette cons\u00e9cration a donn\u00e9&#8230;<\/p>\n<p class=\"read-more\"><a class=\"btn btn-default\" href=\"https:\/\/mecenat-musee-photo.org\/?page_id=30\">Lire la suite<span class=\"screen-reader-text\"> Lire la suite<\/span><\/a><\/p>\n","protected":false},"author":1,"featured_media":0,"parent":12,"menu_order":0,"comment_status":"closed","ping_status":"closed","template":"","meta":{"jetpack_post_was_ever_published":false,"footnotes":""},"class_list":["post-30","page","type-page","status-publish","hentry"],"yoast_head":"<!-- This site is optimized with the Yoast SEO plugin v21.5 - https:\/\/yoast.com\/wordpress\/plugins\/seo\/ -->\n<title>Un Ensemble Exceptionnel ! - M\u00e9c\u00e9nat du Mus\u00e9e Fran\u00e7ais de La Photographie de Bi\u00e8vres<\/title>\n<meta name=\"robots\" content=\"index, follow, max-snippet:-1, max-image-preview:large, max-video-preview:-1\" \/>\n<link rel=\"canonical\" href=\"https:\/\/mecenat-musee-photo.org\/?page_id=30\" \/>\n<meta property=\"og:locale\" content=\"fr_FR\" \/>\n<meta property=\"og:type\" content=\"article\" \/>\n<meta property=\"og:title\" content=\"Un Ensemble Exceptionnel ! - M\u00e9c\u00e9nat du Mus\u00e9e Fran\u00e7ais de La Photographie de Bi\u00e8vres\" \/>\n<meta property=\"og:description\" content=\"L\u2019actuelle collection du Mus\u00e9e Fran\u00e7ais de la Photographie est l\u2019aboutissement de plus de 60 ann\u00e9es d\u2019un travail d\u00e9termin\u00e9 et passionn\u00e9, men\u00e9 depuis le d\u00e9but des ann\u00e9es 50 par Jean Fage et son fils Andr\u00e9 Fage, respectivement cr\u00e9ateur et conservateur du Mus\u00e9e. Le Mus\u00e9e de la photo a \u00e9t\u00e9 inscrit, d\u00e8s 1968 par Andr\u00e9 MALRAUX, alors Ministre de la Culture, parmi les \u00ab&nbsp;mus\u00e9es contr\u00f4l\u00e9s&nbsp;\u00bb. Les statuts de l\u2019Association du Mus\u00e9e avaient pr\u00e9vu d\u00e8s l\u2019origine l\u2019inali\u00e9nabilit\u00e9 des collections. Cette cons\u00e9cration a donn\u00e9...Lire la suite Lire la suite\" \/>\n<meta property=\"og:url\" content=\"https:\/\/mecenat-musee-photo.org\/?page_id=30\" \/>\n<meta property=\"og:site_name\" content=\"M\u00e9c\u00e9nat du Mus\u00e9e Fran\u00e7ais de La Photographie de Bi\u00e8vres\" \/>\n<meta property=\"article:modified_time\" content=\"2025-01-02T08:28:05+00:00\" \/>\n<meta name=\"twitter:card\" content=\"summary_large_image\" \/>\n<meta name=\"twitter:label1\" content=\"Dur\u00e9e de lecture estim\u00e9e\" \/>\n\t<meta name=\"twitter:data1\" content=\"4 minutes\" \/>\n<script type=\"application\/ld+json\" class=\"yoast-schema-graph\">{\"@context\":\"https:\/\/schema.org\",\"@graph\":[{\"@type\":\"WebPage\",\"@id\":\"https:\/\/mecenat-musee-photo.org\/?page_id=30\",\"url\":\"https:\/\/mecenat-musee-photo.org\/?page_id=30\",\"name\":\"Un Ensemble Exceptionnel ! - M\u00e9c\u00e9nat du Mus\u00e9e Fran\u00e7ais de La Photographie de Bi\u00e8vres\",\"isPartOf\":{\"@id\":\"https:\/\/mecenat-musee-photo.org\/#website\"},\"datePublished\":\"2023-09-26T14:31:15+00:00\",\"dateModified\":\"2025-01-02T08:28:05+00:00\",\"breadcrumb\":{\"@id\":\"https:\/\/mecenat-musee-photo.org\/?page_id=30#breadcrumb\"},\"inLanguage\":\"fr-FR\",\"potentialAction\":[{\"@type\":\"ReadAction\",\"target\":[\"https:\/\/mecenat-musee-photo.org\/?page_id=30\"]}]},{\"@type\":\"BreadcrumbList\",\"@id\":\"https:\/\/mecenat-musee-photo.org\/?page_id=30#breadcrumb\",\"itemListElement\":[{\"@type\":\"ListItem\",\"position\":1,\"name\":\"Accueil\",\"item\":\"https:\/\/mecenat-musee-photo.org\/\"},{\"@type\":\"ListItem\",\"position\":2,\"name\":\"Les Collections\",\"item\":\"https:\/\/mecenat-musee-photo.org\/?page_id=12\"},{\"@type\":\"ListItem\",\"position\":3,\"name\":\"Un Ensemble Exceptionnel !\"}]},{\"@type\":\"WebSite\",\"@id\":\"https:\/\/mecenat-musee-photo.org\/#website\",\"url\":\"https:\/\/mecenat-musee-photo.org\/\",\"name\":\"M\u00e9c\u00e9nat du Mus\u00e9e Fran\u00e7ais de La Photographie de Bi\u00e8vres\",\"description\":\"Pour que l&#039;Image perdure !\",\"alternateName\":\"M\u00e9c\u00e9nat - MFPB\",\"potentialAction\":[{\"@type\":\"SearchAction\",\"target\":{\"@type\":\"EntryPoint\",\"urlTemplate\":\"https:\/\/mecenat-musee-photo.org\/?s={search_term_string}\"},\"query-input\":\"required name=search_term_string\"}],\"inLanguage\":\"fr-FR\"}]}<\/script>\n<!-- \/ Yoast SEO plugin. -->","yoast_head_json":{"title":"Un Ensemble Exceptionnel ! - M\u00e9c\u00e9nat du Mus\u00e9e Fran\u00e7ais de La Photographie de Bi\u00e8vres","robots":{"index":"index","follow":"follow","max-snippet":"max-snippet:-1","max-image-preview":"max-image-preview:large","max-video-preview":"max-video-preview:-1"},"canonical":"https:\/\/mecenat-musee-photo.org\/?page_id=30","og_locale":"fr_FR","og_type":"article","og_title":"Un Ensemble Exceptionnel ! - M\u00e9c\u00e9nat du Mus\u00e9e Fran\u00e7ais de La Photographie de Bi\u00e8vres","og_description":"L\u2019actuelle collection du Mus\u00e9e Fran\u00e7ais de la Photographie est l\u2019aboutissement de plus de 60 ann\u00e9es d\u2019un travail d\u00e9termin\u00e9 et passionn\u00e9, men\u00e9 depuis le d\u00e9but des ann\u00e9es 50 par Jean Fage et son fils Andr\u00e9 Fage, respectivement cr\u00e9ateur et conservateur du Mus\u00e9e. Le Mus\u00e9e de la photo a \u00e9t\u00e9 inscrit, d\u00e8s 1968 par Andr\u00e9 MALRAUX, alors Ministre de la Culture, parmi les \u00ab&nbsp;mus\u00e9es contr\u00f4l\u00e9s&nbsp;\u00bb. Les statuts de l\u2019Association du Mus\u00e9e avaient pr\u00e9vu d\u00e8s l\u2019origine l\u2019inali\u00e9nabilit\u00e9 des collections. Cette cons\u00e9cration a donn\u00e9...Lire la suite Lire la suite","og_url":"https:\/\/mecenat-musee-photo.org\/?page_id=30","og_site_name":"M\u00e9c\u00e9nat du Mus\u00e9e Fran\u00e7ais de La Photographie de Bi\u00e8vres","article_modified_time":"2025-01-02T08:28:05+00:00","twitter_card":"summary_large_image","twitter_misc":{"Dur\u00e9e de lecture estim\u00e9e":"4 minutes"},"schema":{"@context":"https:\/\/schema.org","@graph":[{"@type":"WebPage","@id":"https:\/\/mecenat-musee-photo.org\/?page_id=30","url":"https:\/\/mecenat-musee-photo.org\/?page_id=30","name":"Un Ensemble Exceptionnel ! - M\u00e9c\u00e9nat du Mus\u00e9e Fran\u00e7ais de La Photographie de Bi\u00e8vres","isPartOf":{"@id":"https:\/\/mecenat-musee-photo.org\/#website"},"datePublished":"2023-09-26T14:31:15+00:00","dateModified":"2025-01-02T08:28:05+00:00","breadcrumb":{"@id":"https:\/\/mecenat-musee-photo.org\/?page_id=30#breadcrumb"},"inLanguage":"fr-FR","potentialAction":[{"@type":"ReadAction","target":["https:\/\/mecenat-musee-photo.org\/?page_id=30"]}]},{"@type":"BreadcrumbList","@id":"https:\/\/mecenat-musee-photo.org\/?page_id=30#breadcrumb","itemListElement":[{"@type":"ListItem","position":1,"name":"Accueil","item":"https:\/\/mecenat-musee-photo.org\/"},{"@type":"ListItem","position":2,"name":"Les Collections","item":"https:\/\/mecenat-musee-photo.org\/?page_id=12"},{"@type":"ListItem","position":3,"name":"Un Ensemble Exceptionnel !"}]},{"@type":"WebSite","@id":"https:\/\/mecenat-musee-photo.org\/#website","url":"https:\/\/mecenat-musee-photo.org\/","name":"M\u00e9c\u00e9nat du Mus\u00e9e Fran\u00e7ais de La Photographie de Bi\u00e8vres","description":"Pour que l&#039;Image perdure !","alternateName":"M\u00e9c\u00e9nat - MFPB","potentialAction":[{"@type":"SearchAction","target":{"@type":"EntryPoint","urlTemplate":"https:\/\/mecenat-musee-photo.org\/?s={search_term_string}"},"query-input":"required name=search_term_string"}],"inLanguage":"fr-FR"}]}},"jetpack_sharing_enabled":true,"_links":{"self":[{"href":"https:\/\/mecenat-musee-photo.org\/index.php?rest_route=\/wp\/v2\/pages\/30","targetHints":{"allow":["GET"]}}],"collection":[{"href":"https:\/\/mecenat-musee-photo.org\/index.php?rest_route=\/wp\/v2\/pages"}],"about":[{"href":"https:\/\/mecenat-musee-photo.org\/index.php?rest_route=\/wp\/v2\/types\/page"}],"author":[{"embeddable":true,"href":"https:\/\/mecenat-musee-photo.org\/index.php?rest_route=\/wp\/v2\/users\/1"}],"replies":[{"embeddable":true,"href":"https:\/\/mecenat-musee-photo.org\/index.php?rest_route=%2Fwp%2Fv2%2Fcomments&post=30"}],"version-history":[{"count":12,"href":"https:\/\/mecenat-musee-photo.org\/index.php?rest_route=\/wp\/v2\/pages\/30\/revisions"}],"predecessor-version":[{"id":353,"href":"https:\/\/mecenat-musee-photo.org\/index.php?rest_route=\/wp\/v2\/pages\/30\/revisions\/353"}],"up":[{"embeddable":true,"href":"https:\/\/mecenat-musee-photo.org\/index.php?rest_route=\/wp\/v2\/pages\/12"}],"wp:attachment":[{"href":"https:\/\/mecenat-musee-photo.org\/index.php?rest_route=%2Fwp%2Fv2%2Fmedia&parent=30"}],"curies":[{"name":"wp","href":"https:\/\/api.w.org\/{rel}","templated":true}]}}