{"id":38,"date":"2023-09-26T16:34:36","date_gmt":"2023-09-26T14:34:36","guid":{"rendered":"http:\/\/mecenat-musee-photo.org\/?page_id=38"},"modified":"2025-01-02T09:38:45","modified_gmt":"2025-01-02T08:38:45","slug":"contact-presse","status":"publish","type":"page","link":"https:\/\/mecenat-musee-photo.org\/?page_id=38","title":{"rendered":"Contact Presse"},"content":{"rendered":"\n<p><strong><u>JOEL CONAN<\/u><\/strong><br>Pr\u00e9sident de l\u2019Association du Mus\u00e9e Fran\u00e7ais de la Photographie<br>06 51 08 55 80<br><a href=\"mailto:jconan@asso-photo-bievres.com\">jconan@asso-photo-bievres.com<\/a><\/p>\n\n\n\n<p><\/p>\n\n\n\n<p><strong><u>DIDIER PILON<\/u><\/strong><br>Pr\u00e9sident de l\u2019Association des Amis du Mus\u00e9e Fran\u00e7ais de la Photographie<br>06 07 09 50 06<br><a href=\"mailto:dpilonphoto@gmail.com\">dpilonphoto@gmail.com<\/a><\/p>\n\n\n\n<p><strong><u>CHRISTINE SOTO<\/u><\/strong><br>Attach\u00e9e de presse<br>06 11 68 41 76<br><a href=\"christinesoto@parlonsdecom.com\">christinesoto@parlonsdecom.com <\/a><\/p>\n\n\n\n<p><strong>Vous pouvez \u00e9galement nous contacter directement par mail, Jo\u00ebl CONAN et\/ou Didier PILON vous r\u00e9pondront dans les plus brefs d\u00e9lais :<\/strong><\/p>\n\n\n\n<div class=\"wp-block-contact-form-7-contact-form-selector\">\n<div class=\"wpcf7 no-js\" id=\"wpcf7-f134-o1\" lang=\"fr-FR\" dir=\"ltr\">\n<div class=\"screen-reader-response\"><p role=\"status\" aria-live=\"polite\" aria-atomic=\"true\"><\/p> <ul><\/ul><\/div>\n<form action=\"\/index.php?rest_route=%2Fwp%2Fv2%2Fpages%2F38#wpcf7-f134-o1\" method=\"post\" class=\"wpcf7-form init\" aria-label=\"Formulaire de contact\" novalidate=\"novalidate\" data-status=\"init\">\n<div style=\"display: none;\">\n<input type=\"hidden\" name=\"_wpcf7\" value=\"134\" \/>\n<input type=\"hidden\" name=\"_wpcf7_version\" value=\"5.8.2\" \/>\n<input type=\"hidden\" name=\"_wpcf7_locale\" value=\"fr_FR\" \/>\n<input type=\"hidden\" name=\"_wpcf7_unit_tag\" value=\"wpcf7-f134-o1\" \/>\n<input type=\"hidden\" name=\"_wpcf7_container_post\" value=\"0\" \/>\n<input type=\"hidden\" name=\"_wpcf7_posted_data_hash\" value=\"\" \/>\n<\/div>\n<p><label> Votre nom<br \/>\n<span class=\"wpcf7-form-control-wrap\" data-name=\"your-name\"><input size=\"40\" class=\"wpcf7-form-control wpcf7-text wpcf7-validates-as-required\" autocomplete=\"name\" aria-required=\"true\" aria-invalid=\"false\" value=\"\" type=\"text\" name=\"your-name\" \/><\/span> <\/label>\n<\/p>\n<p><label> Votre e-mail<br \/>\n<span class=\"wpcf7-form-control-wrap\" data-name=\"your-email\"><input size=\"40\" class=\"wpcf7-form-control wpcf7-email wpcf7-validates-as-required wpcf7-text wpcf7-validates-as-email\" autocomplete=\"email\" aria-required=\"true\" aria-invalid=\"false\" value=\"\" type=\"email\" name=\"your-email\" \/><\/span> <\/label>\n<\/p>\n<p><Label> Votre num\u00e9ro de t\u00e9l\u00e9phone<br \/>\n<span class=\"wpcf7-form-control-wrap\" data-name=\"text-476\"><input size=\"40\" class=\"wpcf7-form-control wpcf7-text\" aria-invalid=\"false\" value=\"\" type=\"text\" name=\"text-476\" \/><\/span> <\/label>\n<\/p>\n<p><label> Vous \u00eates : <\/label><br \/>\n<span class=\"wpcf7-form-control-wrap\" data-name=\"checkbox-892\"><span class=\"wpcf7-form-control wpcf7-checkbox\"><span class=\"wpcf7-list-item first\"><label><input type=\"checkbox\" name=\"checkbox-892[]\" value=\"Presse \u00e9crite\" \/><span class=\"wpcf7-list-item-label\">Presse \u00e9crite<\/span><\/label><\/span><span class=\"wpcf7-list-item\"><label><input type=\"checkbox\" name=\"checkbox-892[]\" value=\"Presse Internet\" \/><span class=\"wpcf7-list-item-label\">Presse Internet<\/span><\/label><\/span><span class=\"wpcf7-list-item\"><label><input type=\"checkbox\" name=\"checkbox-892[]\" value=\"Presse Radio\" \/><span class=\"wpcf7-list-item-label\">Presse Radio<\/span><\/label><\/span><span class=\"wpcf7-list-item\"><label><input type=\"checkbox\" name=\"checkbox-892[]\" value=\"Journaliste Ind\u00e9pendant\" \/><span class=\"wpcf7-list-item-label\">Journaliste Ind\u00e9pendant<\/span><\/label><\/span><span class=\"wpcf7-list-item last\"><label><input type=\"checkbox\" name=\"checkbox-892[]\" value=\"Autre\" \/><span class=\"wpcf7-list-item-label\">Autre<\/span><\/label><\/span><\/span><\/span>\n<\/p>\n<p><label> Objet<br \/>\n<span class=\"wpcf7-form-control-wrap\" data-name=\"your-subject\"><input size=\"40\" class=\"wpcf7-form-control wpcf7-text wpcf7-validates-as-required\" aria-required=\"true\" aria-invalid=\"false\" value=\"\" type=\"text\" name=\"your-subject\" \/><\/span> <\/label>\n<\/p>\n<p><label> Votre message (facultatif)<br \/>\n<span class=\"wpcf7-form-control-wrap\" data-name=\"your-message\"><textarea cols=\"40\" rows=\"10\" class=\"wpcf7-form-control wpcf7-textarea\" aria-invalid=\"false\" name=\"your-message\"><\/textarea><\/span> <\/label>\n<\/p>\n<p><input class=\"wpcf7-form-control wpcf7-submit has-spinner\" type=\"submit\" value=\"Envoyer\" \/>\n<\/p><div class=\"wpcf7-response-output\" aria-hidden=\"true\"><\/div>\n<\/form>\n<\/div>\n<\/div>\n","protected":false},"excerpt":{"rendered":"<p>JOEL CONANPr\u00e9sident de l\u2019Association du Mus\u00e9e Fran\u00e7ais de la Photographie06 51 08 55 80jconan@asso-photo-bievres.com DIDIER PILONPr\u00e9sident de l\u2019Association des Amis du Mus\u00e9e Fran\u00e7ais de la Photographie06 07 09 50 06dpilonphoto@gmail.com CHRISTINE SOTOAttach\u00e9e de presse06 11 68 41 76christinesoto@parlonsdecom.com Vous pouvez \u00e9galement nous contacter directement par mail, Jo\u00ebl CONAN et\/ou Didier PILON vous r\u00e9pondront dans les plus brefs d\u00e9lais :<\/p>\n","protected":false},"author":1,"featured_media":0,"parent":16,"menu_order":0,"comment_status":"closed","ping_status":"closed","template":"","meta":{"jetpack_post_was_ever_published":false,"footnotes":""},"class_list":["post-38","page","type-page","status-publish","hentry"],"yoast_head":"<!-- This site is optimized with the Yoast SEO plugin v21.5 - https:\/\/yoast.com\/wordpress\/plugins\/seo\/ -->\n<title>Contact Presse - M\u00e9c\u00e9nat du Mus\u00e9e Fran\u00e7ais de La Photographie de Bi\u00e8vres<\/title>\n<meta name=\"robots\" content=\"index, follow, max-snippet:-1, max-image-preview:large, max-video-preview:-1\" \/>\n<link rel=\"canonical\" href=\"https:\/\/mecenat-musee-photo.org\/?page_id=38\" \/>\n<meta property=\"og:locale\" content=\"fr_FR\" \/>\n<meta property=\"og:type\" content=\"article\" \/>\n<meta property=\"og:title\" content=\"Contact Presse - M\u00e9c\u00e9nat du Mus\u00e9e Fran\u00e7ais de La Photographie de Bi\u00e8vres\" \/>\n<meta property=\"og:description\" content=\"JOEL CONANPr\u00e9sident de l\u2019Association du Mus\u00e9e Fran\u00e7ais de la Photographie06 51 08 55 80jconan@asso-photo-bievres.com DIDIER PILONPr\u00e9sident de l\u2019Association des Amis du Mus\u00e9e Fran\u00e7ais de la Photographie06 07 09 50 06dpilonphoto@gmail.com CHRISTINE SOTOAttach\u00e9e de presse06 11 68 41 76christinesoto@parlonsdecom.com Vous pouvez \u00e9galement nous contacter directement par mail, Jo\u00ebl CONAN et\/ou Didier PILON vous r\u00e9pondront dans les plus brefs d\u00e9lais :\" \/>\n<meta property=\"og:url\" content=\"https:\/\/mecenat-musee-photo.org\/?page_id=38\" \/>\n<meta property=\"og:site_name\" content=\"M\u00e9c\u00e9nat du Mus\u00e9e Fran\u00e7ais de La Photographie de Bi\u00e8vres\" \/>\n<meta property=\"article:modified_time\" content=\"2025-01-02T08:38:45+00:00\" \/>\n<meta name=\"twitter:card\" content=\"summary_large_image\" \/>\n<meta name=\"twitter:label1\" content=\"Dur\u00e9e de lecture estim\u00e9e\" \/>\n\t<meta name=\"twitter:data1\" content=\"1 minute\" \/>\n<script type=\"application\/ld+json\" class=\"yoast-schema-graph\">{\"@context\":\"https:\/\/schema.org\",\"@graph\":[{\"@type\":\"WebPage\",\"@id\":\"https:\/\/mecenat-musee-photo.org\/?page_id=38\",\"url\":\"https:\/\/mecenat-musee-photo.org\/?page_id=38\",\"name\":\"Contact Presse - M\u00e9c\u00e9nat du Mus\u00e9e Fran\u00e7ais de La Photographie de Bi\u00e8vres\",\"isPartOf\":{\"@id\":\"https:\/\/mecenat-musee-photo.org\/#website\"},\"datePublished\":\"2023-09-26T14:34:36+00:00\",\"dateModified\":\"2025-01-02T08:38:45+00:00\",\"breadcrumb\":{\"@id\":\"https:\/\/mecenat-musee-photo.org\/?page_id=38#breadcrumb\"},\"inLanguage\":\"fr-FR\",\"potentialAction\":[{\"@type\":\"ReadAction\",\"target\":[\"https:\/\/mecenat-musee-photo.org\/?page_id=38\"]}]},{\"@type\":\"BreadcrumbList\",\"@id\":\"https:\/\/mecenat-musee-photo.org\/?page_id=38#breadcrumb\",\"itemListElement\":[{\"@type\":\"ListItem\",\"position\":1,\"name\":\"Accueil\",\"item\":\"https:\/\/mecenat-musee-photo.org\/\"},{\"@type\":\"ListItem\",\"position\":2,\"name\":\"Portail Presse\",\"item\":\"https:\/\/mecenat-musee-photo.org\/?page_id=16\"},{\"@type\":\"ListItem\",\"position\":3,\"name\":\"Contact Presse\"}]},{\"@type\":\"WebSite\",\"@id\":\"https:\/\/mecenat-musee-photo.org\/#website\",\"url\":\"https:\/\/mecenat-musee-photo.org\/\",\"name\":\"M\u00e9c\u00e9nat du Mus\u00e9e Fran\u00e7ais de La Photographie de Bi\u00e8vres\",\"description\":\"Pour que l&#039;Image perdure !\",\"alternateName\":\"M\u00e9c\u00e9nat - MFPB\",\"potentialAction\":[{\"@type\":\"SearchAction\",\"target\":{\"@type\":\"EntryPoint\",\"urlTemplate\":\"https:\/\/mecenat-musee-photo.org\/?s={search_term_string}\"},\"query-input\":\"required name=search_term_string\"}],\"inLanguage\":\"fr-FR\"}]}<\/script>\n<!-- \/ Yoast SEO plugin. -->","yoast_head_json":{"title":"Contact Presse - M\u00e9c\u00e9nat du Mus\u00e9e Fran\u00e7ais de La Photographie de Bi\u00e8vres","robots":{"index":"index","follow":"follow","max-snippet":"max-snippet:-1","max-image-preview":"max-image-preview:large","max-video-preview":"max-video-preview:-1"},"canonical":"https:\/\/mecenat-musee-photo.org\/?page_id=38","og_locale":"fr_FR","og_type":"article","og_title":"Contact Presse - M\u00e9c\u00e9nat du Mus\u00e9e Fran\u00e7ais de La Photographie de Bi\u00e8vres","og_description":"JOEL CONANPr\u00e9sident de l\u2019Association du Mus\u00e9e Fran\u00e7ais de la Photographie06 51 08 55 80jconan@asso-photo-bievres.com DIDIER PILONPr\u00e9sident de l\u2019Association des Amis du Mus\u00e9e Fran\u00e7ais de la Photographie06 07 09 50 06dpilonphoto@gmail.com CHRISTINE SOTOAttach\u00e9e de presse06 11 68 41 76christinesoto@parlonsdecom.com Vous pouvez \u00e9galement nous contacter directement par mail, Jo\u00ebl CONAN et\/ou Didier PILON vous r\u00e9pondront dans les plus brefs d\u00e9lais :","og_url":"https:\/\/mecenat-musee-photo.org\/?page_id=38","og_site_name":"M\u00e9c\u00e9nat du Mus\u00e9e Fran\u00e7ais de La Photographie de Bi\u00e8vres","article_modified_time":"2025-01-02T08:38:45+00:00","twitter_card":"summary_large_image","twitter_misc":{"Dur\u00e9e de lecture estim\u00e9e":"1 minute"},"schema":{"@context":"https:\/\/schema.org","@graph":[{"@type":"WebPage","@id":"https:\/\/mecenat-musee-photo.org\/?page_id=38","url":"https:\/\/mecenat-musee-photo.org\/?page_id=38","name":"Contact Presse - M\u00e9c\u00e9nat du Mus\u00e9e Fran\u00e7ais de La Photographie de Bi\u00e8vres","isPartOf":{"@id":"https:\/\/mecenat-musee-photo.org\/#website"},"datePublished":"2023-09-26T14:34:36+00:00","dateModified":"2025-01-02T08:38:45+00:00","breadcrumb":{"@id":"https:\/\/mecenat-musee-photo.org\/?page_id=38#breadcrumb"},"inLanguage":"fr-FR","potentialAction":[{"@type":"ReadAction","target":["https:\/\/mecenat-musee-photo.org\/?page_id=38"]}]},{"@type":"BreadcrumbList","@id":"https:\/\/mecenat-musee-photo.org\/?page_id=38#breadcrumb","itemListElement":[{"@type":"ListItem","position":1,"name":"Accueil","item":"https:\/\/mecenat-musee-photo.org\/"},{"@type":"ListItem","position":2,"name":"Portail Presse","item":"https:\/\/mecenat-musee-photo.org\/?page_id=16"},{"@type":"ListItem","position":3,"name":"Contact Presse"}]},{"@type":"WebSite","@id":"https:\/\/mecenat-musee-photo.org\/#website","url":"https:\/\/mecenat-musee-photo.org\/","name":"M\u00e9c\u00e9nat du Mus\u00e9e Fran\u00e7ais de La Photographie de Bi\u00e8vres","description":"Pour que l&#039;Image perdure !","alternateName":"M\u00e9c\u00e9nat - MFPB","potentialAction":[{"@type":"SearchAction","target":{"@type":"EntryPoint","urlTemplate":"https:\/\/mecenat-musee-photo.org\/?s={search_term_string}"},"query-input":"required name=search_term_string"}],"inLanguage":"fr-FR"}]}},"jetpack_sharing_enabled":true,"_links":{"self":[{"href":"https:\/\/mecenat-musee-photo.org\/index.php?rest_route=\/wp\/v2\/pages\/38","targetHints":{"allow":["GET"]}}],"collection":[{"href":"https:\/\/mecenat-musee-photo.org\/index.php?rest_route=\/wp\/v2\/pages"}],"about":[{"href":"https:\/\/mecenat-musee-photo.org\/index.php?rest_route=\/wp\/v2\/types\/page"}],"author":[{"embeddable":true,"href":"https:\/\/mecenat-musee-photo.org\/index.php?rest_route=\/wp\/v2\/users\/1"}],"replies":[{"embeddable":true,"href":"https:\/\/mecenat-musee-photo.org\/index.php?rest_route=%2Fwp%2Fv2%2Fcomments&post=38"}],"version-history":[{"count":8,"href":"https:\/\/mecenat-musee-photo.org\/index.php?rest_route=\/wp\/v2\/pages\/38\/revisions"}],"predecessor-version":[{"id":355,"href":"https:\/\/mecenat-musee-photo.org\/index.php?rest_route=\/wp\/v2\/pages\/38\/revisions\/355"}],"up":[{"embeddable":true,"href":"https:\/\/mecenat-musee-photo.org\/index.php?rest_route=\/wp\/v2\/pages\/16"}],"wp:attachment":[{"href":"https:\/\/mecenat-musee-photo.org\/index.php?rest_route=%2Fwp%2Fv2%2Fmedia&parent=38"}],"curies":[{"name":"wp","href":"https:\/\/api.w.org\/{rel}","templated":true}]}}