{"id":40,"date":"2023-09-26T16:35:27","date_gmt":"2023-09-26T14:35:27","guid":{"rendered":"http:\/\/mecenat-musee-photo.org\/?page_id=40"},"modified":"2025-01-04T10:26:36","modified_gmt":"2025-01-04T09:26:36","slug":"dossier-de-presse","status":"publish","type":"page","link":"https:\/\/mecenat-musee-photo.org\/?page_id=40","title":{"rendered":"Dossier De Presse"},"content":{"rendered":"\n<p>Vous pouvez t\u00e9l\u00e9charger notre dossier de presse en cliquant sur le document ci-dessous :<\/p>\n\n\n<div class=\"wp-block-image\">\n<figure class=\"aligncenter size-large is-resized\"><a href=\"https:\/\/mecenat-musee-photo.org\/wp-content\/uploads\/2025\/01\/250103-Dossier-de-presse-mecenat-V2.pdf\"><img loading=\"lazy\" decoding=\"async\" width=\"725\" height=\"1024\" src=\"https:\/\/mecenat-musee-photo.org\/wp-content\/uploads\/2024\/01\/IMG-DOSSIER-DE-PRESSE-1-725x1024.jpg\" alt=\"\" class=\"wp-image-333\" style=\"width:299px;height:auto\" srcset=\"https:\/\/mecenat-musee-photo.org\/wp-content\/uploads\/2024\/01\/IMG-DOSSIER-DE-PRESSE-1-725x1024.jpg 725w, https:\/\/mecenat-musee-photo.org\/wp-content\/uploads\/2024\/01\/IMG-DOSSIER-DE-PRESSE-1-212x300.jpg 212w, https:\/\/mecenat-musee-photo.org\/wp-content\/uploads\/2024\/01\/IMG-DOSSIER-DE-PRESSE-1-768x1084.jpg 768w, https:\/\/mecenat-musee-photo.org\/wp-content\/uploads\/2024\/01\/IMG-DOSSIER-DE-PRESSE-1-1088x1536.jpg 1088w, https:\/\/mecenat-musee-photo.org\/wp-content\/uploads\/2024\/01\/IMG-DOSSIER-DE-PRESSE-1-1451x2048.jpg 1451w, https:\/\/mecenat-musee-photo.org\/wp-content\/uploads\/2024\/01\/IMG-DOSSIER-DE-PRESSE-1-191x270.jpg 191w, https:\/\/mecenat-musee-photo.org\/wp-content\/uploads\/2024\/01\/IMG-DOSSIER-DE-PRESSE-1-scaled.jpg 1813w\" sizes=\"auto, (max-width: 725px) 100vw, 725px\" \/><\/a><figcaption class=\"wp-element-caption\"><a href=\"https:\/\/mecenat-musee-photo.org\/wp-content\/uploads\/2025\/01\/250103-Dossier-de-presse-mecenat-V2.pdf\">Cliquez pour ouvrir le dossier de presse<\/a><\/figcaption><\/figure>\n<\/div>\n\n\n<p><strong><em><a href=\"https:\/\/mecenat-musee-photo.org\/?page_id=16\">Retour \u00e0 \u00ab\u00a0Portail Presse\u00a0\u00bb<\/a><\/em><\/strong><\/p>\n","protected":false},"excerpt":{"rendered":"<p>Vous pouvez t\u00e9l\u00e9charger notre dossier de presse en cliquant sur le document ci-dessous : Retour \u00e0 \u00ab\u00a0Portail Presse\u00a0\u00bb<\/p>\n","protected":false},"author":1,"featured_media":0,"parent":16,"menu_order":0,"comment_status":"closed","ping_status":"closed","template":"","meta":{"jetpack_post_was_ever_published":false,"footnotes":""},"class_list":["post-40","page","type-page","status-publish","hentry"],"yoast_head":"<!-- This site is optimized with the Yoast SEO plugin v21.5 - https:\/\/yoast.com\/wordpress\/plugins\/seo\/ -->\n<title>Dossier De Presse - M\u00e9c\u00e9nat du Mus\u00e9e Fran\u00e7ais de La Photographie de Bi\u00e8vres<\/title>\n<meta name=\"robots\" content=\"index, follow, max-snippet:-1, max-image-preview:large, max-video-preview:-1\" \/>\n<link rel=\"canonical\" href=\"https:\/\/mecenat-musee-photo.org\/?page_id=40\" \/>\n<meta property=\"og:locale\" content=\"fr_FR\" \/>\n<meta property=\"og:type\" content=\"article\" \/>\n<meta property=\"og:title\" content=\"Dossier De Presse - M\u00e9c\u00e9nat du Mus\u00e9e Fran\u00e7ais de La Photographie de Bi\u00e8vres\" \/>\n<meta property=\"og:description\" content=\"Vous pouvez t\u00e9l\u00e9charger notre dossier de presse en cliquant sur le document ci-dessous : Retour \u00e0 \u00ab\u00a0Portail Presse\u00a0\u00bb\" \/>\n<meta property=\"og:url\" content=\"https:\/\/mecenat-musee-photo.org\/?page_id=40\" \/>\n<meta property=\"og:site_name\" content=\"M\u00e9c\u00e9nat du Mus\u00e9e Fran\u00e7ais de La Photographie de Bi\u00e8vres\" \/>\n<meta property=\"article:modified_time\" content=\"2025-01-04T09:26:36+00:00\" \/>\n<meta property=\"og:image\" content=\"https:\/\/mecenat-musee-photo.org\/wp-content\/uploads\/2024\/01\/IMG-DOSSIER-DE-PRESSE-1-725x1024.jpg\" \/>\n<meta name=\"twitter:card\" content=\"summary_large_image\" \/>\n<meta name=\"twitter:label1\" content=\"Dur\u00e9e de lecture estim\u00e9e\" \/>\n\t<meta name=\"twitter:data1\" content=\"1 minute\" \/>\n<script type=\"application\/ld+json\" class=\"yoast-schema-graph\">{\"@context\":\"https:\/\/schema.org\",\"@graph\":[{\"@type\":\"WebPage\",\"@id\":\"https:\/\/mecenat-musee-photo.org\/?page_id=40\",\"url\":\"https:\/\/mecenat-musee-photo.org\/?page_id=40\",\"name\":\"Dossier De Presse - M\u00e9c\u00e9nat du Mus\u00e9e Fran\u00e7ais de La Photographie de Bi\u00e8vres\",\"isPartOf\":{\"@id\":\"https:\/\/mecenat-musee-photo.org\/#website\"},\"datePublished\":\"2023-09-26T14:35:27+00:00\",\"dateModified\":\"2025-01-04T09:26:36+00:00\",\"breadcrumb\":{\"@id\":\"https:\/\/mecenat-musee-photo.org\/?page_id=40#breadcrumb\"},\"inLanguage\":\"fr-FR\",\"potentialAction\":[{\"@type\":\"ReadAction\",\"target\":[\"https:\/\/mecenat-musee-photo.org\/?page_id=40\"]}]},{\"@type\":\"BreadcrumbList\",\"@id\":\"https:\/\/mecenat-musee-photo.org\/?page_id=40#breadcrumb\",\"itemListElement\":[{\"@type\":\"ListItem\",\"position\":1,\"name\":\"Accueil\",\"item\":\"https:\/\/mecenat-musee-photo.org\/\"},{\"@type\":\"ListItem\",\"position\":2,\"name\":\"Portail Presse\",\"item\":\"https:\/\/mecenat-musee-photo.org\/?page_id=16\"},{\"@type\":\"ListItem\",\"position\":3,\"name\":\"Dossier De Presse\"}]},{\"@type\":\"WebSite\",\"@id\":\"https:\/\/mecenat-musee-photo.org\/#website\",\"url\":\"https:\/\/mecenat-musee-photo.org\/\",\"name\":\"M\u00e9c\u00e9nat du Mus\u00e9e Fran\u00e7ais de La Photographie de Bi\u00e8vres\",\"description\":\"Pour que l&#039;Image perdure !\",\"alternateName\":\"M\u00e9c\u00e9nat - MFPB\",\"potentialAction\":[{\"@type\":\"SearchAction\",\"target\":{\"@type\":\"EntryPoint\",\"urlTemplate\":\"https:\/\/mecenat-musee-photo.org\/?s={search_term_string}\"},\"query-input\":\"required name=search_term_string\"}],\"inLanguage\":\"fr-FR\"}]}<\/script>\n<!-- \/ Yoast SEO plugin. -->","yoast_head_json":{"title":"Dossier De Presse - M\u00e9c\u00e9nat du Mus\u00e9e Fran\u00e7ais de La Photographie de Bi\u00e8vres","robots":{"index":"index","follow":"follow","max-snippet":"max-snippet:-1","max-image-preview":"max-image-preview:large","max-video-preview":"max-video-preview:-1"},"canonical":"https:\/\/mecenat-musee-photo.org\/?page_id=40","og_locale":"fr_FR","og_type":"article","og_title":"Dossier De Presse - M\u00e9c\u00e9nat du Mus\u00e9e Fran\u00e7ais de La Photographie de Bi\u00e8vres","og_description":"Vous pouvez t\u00e9l\u00e9charger notre dossier de presse en cliquant sur le document ci-dessous : Retour \u00e0 \u00ab\u00a0Portail Presse\u00a0\u00bb","og_url":"https:\/\/mecenat-musee-photo.org\/?page_id=40","og_site_name":"M\u00e9c\u00e9nat du Mus\u00e9e Fran\u00e7ais de La Photographie de Bi\u00e8vres","article_modified_time":"2025-01-04T09:26:36+00:00","og_image":[{"url":"https:\/\/mecenat-musee-photo.org\/wp-content\/uploads\/2024\/01\/IMG-DOSSIER-DE-PRESSE-1-725x1024.jpg"}],"twitter_card":"summary_large_image","twitter_misc":{"Dur\u00e9e de lecture estim\u00e9e":"1 minute"},"schema":{"@context":"https:\/\/schema.org","@graph":[{"@type":"WebPage","@id":"https:\/\/mecenat-musee-photo.org\/?page_id=40","url":"https:\/\/mecenat-musee-photo.org\/?page_id=40","name":"Dossier De Presse - M\u00e9c\u00e9nat du Mus\u00e9e Fran\u00e7ais de La Photographie de Bi\u00e8vres","isPartOf":{"@id":"https:\/\/mecenat-musee-photo.org\/#website"},"datePublished":"2023-09-26T14:35:27+00:00","dateModified":"2025-01-04T09:26:36+00:00","breadcrumb":{"@id":"https:\/\/mecenat-musee-photo.org\/?page_id=40#breadcrumb"},"inLanguage":"fr-FR","potentialAction":[{"@type":"ReadAction","target":["https:\/\/mecenat-musee-photo.org\/?page_id=40"]}]},{"@type":"BreadcrumbList","@id":"https:\/\/mecenat-musee-photo.org\/?page_id=40#breadcrumb","itemListElement":[{"@type":"ListItem","position":1,"name":"Accueil","item":"https:\/\/mecenat-musee-photo.org\/"},{"@type":"ListItem","position":2,"name":"Portail Presse","item":"https:\/\/mecenat-musee-photo.org\/?page_id=16"},{"@type":"ListItem","position":3,"name":"Dossier De Presse"}]},{"@type":"WebSite","@id":"https:\/\/mecenat-musee-photo.org\/#website","url":"https:\/\/mecenat-musee-photo.org\/","name":"M\u00e9c\u00e9nat du Mus\u00e9e Fran\u00e7ais de La Photographie de Bi\u00e8vres","description":"Pour que l&#039;Image perdure !","alternateName":"M\u00e9c\u00e9nat - MFPB","potentialAction":[{"@type":"SearchAction","target":{"@type":"EntryPoint","urlTemplate":"https:\/\/mecenat-musee-photo.org\/?s={search_term_string}"},"query-input":"required name=search_term_string"}],"inLanguage":"fr-FR"}]}},"jetpack_sharing_enabled":true,"_links":{"self":[{"href":"https:\/\/mecenat-musee-photo.org\/index.php?rest_route=\/wp\/v2\/pages\/40","targetHints":{"allow":["GET"]}}],"collection":[{"href":"https:\/\/mecenat-musee-photo.org\/index.php?rest_route=\/wp\/v2\/pages"}],"about":[{"href":"https:\/\/mecenat-musee-photo.org\/index.php?rest_route=\/wp\/v2\/types\/page"}],"author":[{"embeddable":true,"href":"https:\/\/mecenat-musee-photo.org\/index.php?rest_route=\/wp\/v2\/users\/1"}],"replies":[{"embeddable":true,"href":"https:\/\/mecenat-musee-photo.org\/index.php?rest_route=%2Fwp%2Fv2%2Fcomments&post=40"}],"version-history":[{"count":8,"href":"https:\/\/mecenat-musee-photo.org\/index.php?rest_route=\/wp\/v2\/pages\/40\/revisions"}],"predecessor-version":[{"id":369,"href":"https:\/\/mecenat-musee-photo.org\/index.php?rest_route=\/wp\/v2\/pages\/40\/revisions\/369"}],"up":[{"embeddable":true,"href":"https:\/\/mecenat-musee-photo.org\/index.php?rest_route=\/wp\/v2\/pages\/16"}],"wp:attachment":[{"href":"https:\/\/mecenat-musee-photo.org\/index.php?rest_route=%2Fwp%2Fv2%2Fmedia&parent=40"}],"curies":[{"name":"wp","href":"https:\/\/api.w.org\/{rel}","templated":true}]}}